{"id":7219,"date":"2024-01-10T09:49:20","date_gmt":"2024-01-10T14:49:20","guid":{"rendered":"https:\/\/dev.unitours.larouche-dev.com\/jobs\/"},"modified":"2024-07-03T11:14:21","modified_gmt":"2024-07-03T15:14:21","slug":"jobs","status":"publish","type":"page","link":"https:\/\/dev.unitours.larouche-dev.com\/en\/jobs\/","title":{"rendered":"jobs"},"content":{"rendered":"\t\t<div data-elementor-type=\"wp-page\" data-elementor-id=\"7219\" class=\"elementor elementor-7219 elementor-4566\">\n\t\t\t\t\t\t<section class=\"elementor-section elementor-top-section elementor-element elementor-element-1080cdd elementor-section-boxed elementor-section-height-default elementor-section-height-default sc_fly_static\" data-id=\"1080cdd\" data-element_type=\"section\" data-e-type=\"section\">\n\t\t\t\t\t\t<div class=\"elementor-container elementor-column-gap-extended\">\n\t\t\t\t\t<div class=\"elementor-column elementor-col-100 elementor-top-column elementor-element elementor-element-4171916 sc_content_align_inherit sc_layouts_column_icons_position_left sc_fly_static\" data-id=\"4171916\" data-element_type=\"column\" data-e-type=\"column\">\n\t\t\t<div class=\"elementor-widget-wrap elementor-element-populated\">\n\t\t\t\t\t\t<div class=\"elementor-element elementor-element-83340f6 sc_fly_static elementor-widget elementor-widget-trx_sc_title\" data-id=\"83340f6\" data-element_type=\"widget\" data-e-type=\"widget\" data-widget_type=\"trx_sc_title.default\">\n\t\t\t\t<div class=\"elementor-widget-container\">\n\t\t\t\t\t<div\t\tclass=\"sc_title sc_title_default\"><h3 class=\"sc_item_title sc_title_title sc_align_center sc_item_title_style_default sc_item_title_tag\"\n\t\t\t><span class=\"sc_item_title_text\">We are currently seeking<\/span><\/h3><\/div>\t\t\t\t<\/div>\n\t\t\t\t<\/div>\n\t\t\t\t<div class=\"elementor-element elementor-element-cf364c7 sc_height_small sc_fly_static elementor-widget elementor-widget-spacer\" data-id=\"cf364c7\" data-element_type=\"widget\" data-e-type=\"widget\" data-widget_type=\"spacer.default\">\n\t\t\t\t<div class=\"elementor-widget-container\">\n\t\t\t\t\t\t\t<div class=\"elementor-spacer\">\n\t\t\t<div class=\"elementor-spacer-inner\"><\/div>\n\t\t<\/div>\n\t\t\t\t\t\t<\/div>\n\t\t\t\t<\/div>\n\t\t\t\t<div class=\"elementor-element elementor-element-d1999b3 sc_fly_static elementor-widget elementor-widget-trx_sc_services\" data-id=\"d1999b3\" data-element_type=\"widget\" data-e-type=\"widget\" data-widget_type=\"trx_sc_services.default\">\n\t\t\t\t<div class=\"elementor-widget-container\">\n\t\t\t\t\t<div class=\"sc_services sc_services_light sc_services_featured_top\"><div class=\"sc_services_content sc_item_content sc_item_posts_container sc_item_columns_1\"><div data-post-id=\"7273\" class=\"sc_services_item sc_item_container post_container no_links with_content with_image sc_services_item_featured_top post-7273 post type-post status-publish format-standard has-post-thumbnail hentry category-job-opportunities\">\n\t<div class=\"post_featured with_thumb hover_icon sc_services_item_thumb\"><img fetchpriority=\"high\" decoding=\"async\" width=\"760\" height=\"428\" src=\"https:\/\/dev.unitours.larouche-dev.com\/wp-content\/uploads\/2024\/01\/unitours_img_emplois_02-760x428.jpg\" class=\"attachment-yokoo-thumb-big size-yokoo-thumb-big wp-post-image\" alt=\"\" srcset=\"https:\/\/dev.unitours.larouche-dev.com\/wp-content\/uploads\/2024\/01\/unitours_img_emplois_02-760x428.jpg 760w, https:\/\/dev.unitours.larouche-dev.com\/wp-content\/uploads\/2024\/01\/unitours_img_emplois_02-1270x714.jpg 1270w, https:\/\/dev.unitours.larouche-dev.com\/wp-content\/uploads\/2024\/01\/unitours_img_emplois_02-414x232.jpg 414w, https:\/\/dev.unitours.larouche-dev.com\/wp-content\/uploads\/2024\/01\/unitours_img_emplois_02-270x152.jpg 270w\" sizes=\"(max-width: 760px) 100vw, 760px\" \/>\t\t\t\t\t\t<div class=\"mask\"><\/div>\n\t\t\t\t\t\t\t\t\t<div class=\"icons\"><a href=\"https:\/\/dev.unitours.larouche-dev.com\/en\/bilingual-sales-representative-wanted\/\"  aria-hidden=\"true\" class=\"icon-add\"><\/a><\/div>\n\t\t\t<a href=\"https:\/\/dev.unitours.larouche-dev.com\/en\/bilingual-sales-representative-wanted\/\" class=\"link-go\"><\/a>\n\t\t\t<\/div>\t\n\t<div class=\"sc_services_item_info\">\n\t\t\t\t<div class=\"sc_services_item_header\">\t\t\t<h6 class=\"sc_services_item_title entry-title\"><a href=\"https:\/\/dev.unitours.larouche-dev.com\/en\/bilingual-sales-representative-wanted\/\">Bilingual sales representative wanted<\/a><\/h6><\/div><div class=\"sc_services_item_content\"><p>You are so proud of the beauty of our city and our region that you only want one thing: that our Canadian and foreign tourists enjoy it, and tell their friends and families when they return home with unforgettable memories full of eyes and smartphones.<\/p>\n<\/div><div class=\"sc_services_item_button sc_item_button\"><a href=\"https:\/\/dev.unitours.larouche-dev.com\/en\/bilingual-sales-representative-wanted\/\" class=\"sc_button sc_button_simple\">Read more<\/a><\/div><\/div>\n\t<\/div><\/div><\/div>\t\t\t\t<\/div>\n\t\t\t\t<\/div>\n\t\t\t\t<div class=\"elementor-element elementor-element-d211299 sc_height_huge sc_fly_static elementor-widget elementor-widget-spacer\" data-id=\"d211299\" data-element_type=\"widget\" data-e-type=\"widget\" data-widget_type=\"spacer.default\">\n\t\t\t\t<div class=\"elementor-widget-container\">\n\t\t\t\t\t\t\t<div class=\"elementor-spacer\">\n\t\t\t<div class=\"elementor-spacer-inner\"><\/div>\n\t\t<\/div>\n\t\t\t\t\t\t<\/div>\n\t\t\t\t<\/div>\n\t\t\t\t\t<\/div>\n\t\t<\/div>\n\t\t\t\t\t<\/div>\n\t\t<\/section>\n\t\t\t\t<\/div>\n\t\t","protected":false},"excerpt":{"rendered":"<p>We are currently seeking Chauffeur pour transport collectif et adapt\u00e9 recherch\u00e9 Vous serez appel\u00e9 \u00e0 circuler dans la r\u00e9gion de Qu\u00e9bec en s&#8217;assurant de respecter les r\u00e8gles de la s\u00e9curit\u00e9 routi\u00e8re et du service \u00e0 la client\u00e8le. Read more Chauffeur&hellip;<\/p>\n","protected":false},"author":1,"featured_media":0,"parent":0,"menu_order":0,"comment_status":"closed","ping_status":"closed","template":"","meta":{"inline_featured_image":false,"footnotes":""},"class_list":["post-7219","page","type-page","status-publish","hentry"],"_links":{"self":[{"href":"https:\/\/dev.unitours.larouche-dev.com\/en\/wp-json\/wp\/v2\/pages\/7219","targetHints":{"allow":["GET"]}}],"collection":[{"href":"https:\/\/dev.unitours.larouche-dev.com\/en\/wp-json\/wp\/v2\/pages"}],"about":[{"href":"https:\/\/dev.unitours.larouche-dev.com\/en\/wp-json\/wp\/v2\/types\/page"}],"author":[{"embeddable":true,"href":"https:\/\/dev.unitours.larouche-dev.com\/en\/wp-json\/wp\/v2\/users\/1"}],"replies":[{"embeddable":true,"href":"https:\/\/dev.unitours.larouche-dev.com\/en\/wp-json\/wp\/v2\/comments?post=7219"}],"version-history":[{"count":2,"href":"https:\/\/dev.unitours.larouche-dev.com\/en\/wp-json\/wp\/v2\/pages\/7219\/revisions"}],"predecessor-version":[{"id":7264,"href":"https:\/\/dev.unitours.larouche-dev.com\/en\/wp-json\/wp\/v2\/pages\/7219\/revisions\/7264"}],"wp:attachment":[{"href":"https:\/\/dev.unitours.larouche-dev.com\/en\/wp-json\/wp\/v2\/media?parent=7219"}],"curies":[{"name":"wp","href":"https:\/\/api.w.org\/{rel}","templated":true}]}}